{"id":446,"date":"2025-08-23T13:17:26","date_gmt":"2025-08-23T11:17:26","guid":{"rendered":"https:\/\/pure-canamo.de\/?page_id=446"},"modified":"2025-09-29T00:14:08","modified_gmt":"2025-09-28T22:14:08","slug":"impressum","status":"publish","type":"page","link":"https:\/\/pure-canamo.de\/?page_id=446","title":{"rendered":"Impressum"},"content":{"rendered":"\t\t<div data-elementor-type=\"wp-page\" data-elementor-id=\"446\" class=\"elementor elementor-446\" data-elementor-post-type=\"page\">\n\t\t\t\t<div class=\"elementor-element elementor-element-cb36ef4 e-flex e-con-boxed e-con e-parent\" data-id=\"cb36ef4\" data-element_type=\"container\">\n\t\t\t\t\t<div class=\"e-con-inner\">\n\t\t<div class=\"elementor-element elementor-element-090cb8d e-con-full e-flex e-con e-child\" data-id=\"090cb8d\" data-element_type=\"container\">\n\t\t\t\t<div class=\"elementor-element elementor-element-4a36908 elementor-widget elementor-widget-image\" data-id=\"4a36908\" data-element_type=\"widget\" data-widget_type=\"image.default\">\n\t\t\t\t\t\t\t\t\t\t\t\t\t\t\t<img fetchpriority=\"high\" decoding=\"async\" width=\"800\" height=\"800\" src=\"https:\/\/pure-canamo.de\/wp-content\/uploads\/2025\/08\/CA_collection_growing_800x800.png\" class=\"attachment-large size-large wp-image-394\" alt=\"\" srcset=\"https:\/\/pure-canamo.de\/wp-content\/uploads\/2025\/08\/CA_collection_growing_800x800.png 800w, https:\/\/pure-canamo.de\/wp-content\/uploads\/2025\/08\/CA_collection_growing_800x800-300x300.png 300w, https:\/\/pure-canamo.de\/wp-content\/uploads\/2025\/08\/CA_collection_growing_800x800-150x150.png 150w, https:\/\/pure-canamo.de\/wp-content\/uploads\/2025\/08\/CA_collection_growing_800x800-768x768.png 768w\" sizes=\"(max-width: 800px) 100vw, 800px\" \/>\t\t\t\t\t\t\t\t\t\t\t\t\t\t\t<\/div>\n\t\t\t\t<\/div>\n\t\t<div class=\"elementor-element elementor-element-4b71291 e-con-full e-flex e-con e-child\" data-id=\"4b71291\" data-element_type=\"container\">\n\t\t\t\t<div class=\"elementor-element elementor-element-24a6738 elementor-widget elementor-widget-text-editor\" data-id=\"24a6738\" data-element_type=\"widget\" data-widget_type=\"text-editor.default\">\n\t\t\t\t\t\t\t\t\t<h2>Impressum<\/h2>\n\n<p><strong>Angaben gem\u00e4\u00df \u00a7 5 TMG:<\/strong><\/p>\n<p>pure-canamo.de<br>\nKardinal-Wendel-Str. 60<br>\n66440 Blieskastel<br>\nDeutschland<\/p>\n\n<p><strong>Vertreten durch:<\/strong><br>\nPascal Puppulin<\/p>\n\n<p><strong>Kontakt:<\/strong><br>\nTelefon: 0049 151 41277980<br>\nE-Mail: info@pure-canamo.de<\/p>\n\n<p><strong>Registereintrag:<\/strong><br>\nEintragung im Registergericht: Saarbr\u00fccken<br>\nRegisternummer: HRB108249<\/p>\n\n<p><strong>Umsatzsteuer-ID:<\/strong><br>\nUmsatzsteuer-Identifikationsnummer gem\u00e4\u00df \u00a727a Umsatzsteuergesetz: USt-IdNr. DE348373457<\/p>\n\n<p><strong>Verantwortlich f\u00fcr den Inhalt nach \u00a7 55 Abs. 2 RStV:<\/strong><br>\nPascal Puppulin<br>\nKardinal-Wendel-Str. 60<br>\n66440 Blieskastel<\/p>\n\n<p><strong>Haftungsausschluss (Disclaimer):<\/strong><\/p>\n<p>Die Inhalte unserer Seiten wurden mit gr\u00f6\u00dfter Sorgfalt erstellt. F\u00fcr die Richtigkeit, Vollst\u00e4ndigkeit und Aktualit\u00e4t der Inhalte k\u00f6nnen wir jedoch keine Gew\u00e4hr \u00fcbernehmen. Als Diensteanbieter sind wir gem\u00e4\u00df \u00a7 7 Abs.1 TMG f\u00fcr eigene Inhalte auf diesen Seiten nach den allgemeinen Gesetzen verantwortlich. Nach \u00a7\u00a7 8 bis 10 TMG sind wir als Diensteanbieter jedoch nicht verpflichtet, \u00fcbermittelte oder gespeicherte fremde Informationen zu \u00fcberwachen oder nach Umst\u00e4nden zu forschen, die auf eine rechtswidrige T\u00e4tigkeit hinweisen.<\/p>\n\n<p>Verpflichtungen zur Entfernung oder Sperrung der Nutzung von Informationen nach den allgemeinen Gesetzen bleiben hiervon unber\u00fchrt. Eine diesbez\u00fcgliche Haftung ist jedoch erst ab dem Zeitpunkt der Kenntnis einer konkreten Rechtsverletzung m\u00f6glich. Bei Bekanntwerden von entsprechenden Rechtsverletzungen werden wir diese Inhalte umgehend entfernen.<\/p>\n\n<p><strong>Haftung f\u00fcr Links:<\/strong><\/p>\n<p>Unser Angebot enth\u00e4lt Links zu externen Webseiten Dritter, auf deren Inhalte wir keinen Einfluss haben. Deshalb k\u00f6nnen wir f\u00fcr diese fremden Inhalte auch keine Gew\u00e4hr \u00fcbernehmen. F\u00fcr die Inhalte der verlinkten Seiten ist stets der jeweilige Anbieter oder Betreiber der Seiten verantwortlich. Bei Bekanntwerden von Rechtsverletzungen werden wir derartige Links umgehend entfernen.<\/p>\n\n<p><strong>Urheberrecht:<\/strong><\/p>\n<p>Die durch die Seitenbetreiber erstellten Inhalte und Werke auf diesen Seiten unterliegen dem deutschen Urheberrecht. Die Vervielf\u00e4ltigung, Bearbeitung, Verbreitung und jede Art der Verwertung au\u00dferhalb der Grenzen des Urheberrechts bed\u00fcrfen der schriftlichen Zustimmung des jeweiligen Autors bzw. Erstellers. Downloads und Kopien dieser Seite sind nur f\u00fcr den privaten, nicht kommerziellen Gebrauch gestattet. Soweit die Inhalte auf dieser Seite nicht vom Betreiber erstellt wurden, werden die Urheberrechte Dritter beachtet.<\/p>\n\n<p>Alle Marken und Logos sind Eigentum der jeweiligen Rechteinhaber.<\/p>\t\t\t\t\t\t\t\t<\/div>\n\t\t\t\t<\/div>\n\t\t\t\t\t<\/div>\n\t\t\t\t<\/div>\n\t\t\t\t<\/div>\n\t\t","protected":false},"excerpt":{"rendered":"<p>Impressum Angaben gem\u00e4\u00df \u00a7 5 TMG: pure-canamo.de Kardinal-Wendel-Str. 60 66440 Blieskastel Deutschland Vertreten durch: Pascal Puppulin Kontakt: Telefon: 0049 151 41277980 E-Mail: info@pure-canamo.de Registereintrag: Eintragung im Registergericht: Saarbr\u00fccken Registernummer: HRB108249 Umsatzsteuer-ID: Umsatzsteuer-Identifikationsnummer gem\u00e4\u00df \u00a727a Umsatzsteuergesetz: USt-IdNr. DE348373457 Verantwortlich f\u00fcr den Inhalt nach \u00a7 55 Abs. 2 RStV: Pascal Puppulin Kardinal-Wendel-Str. 60 66440 Blieskastel Haftungsausschluss (Disclaimer): [&hellip;]<\/p>\n","protected":false},"author":1,"featured_media":0,"parent":0,"menu_order":0,"comment_status":"closed","ping_status":"closed","template":"","meta":{"footnotes":""},"class_list":["post-446","page","type-page","status-publish","hentry"],"_links":{"self":[{"href":"https:\/\/pure-canamo.de\/index.php?rest_route=\/wp\/v2\/pages\/446","targetHints":{"allow":["GET"]}}],"collection":[{"href":"https:\/\/pure-canamo.de\/index.php?rest_route=\/wp\/v2\/pages"}],"about":[{"href":"https:\/\/pure-canamo.de\/index.php?rest_route=\/wp\/v2\/types\/page"}],"author":[{"embeddable":true,"href":"https:\/\/pure-canamo.de\/index.php?rest_route=\/wp\/v2\/users\/1"}],"replies":[{"embeddable":true,"href":"https:\/\/pure-canamo.de\/index.php?rest_route=%2Fwp%2Fv2%2Fcomments&post=446"}],"version-history":[{"count":19,"href":"https:\/\/pure-canamo.de\/index.php?rest_route=\/wp\/v2\/pages\/446\/revisions"}],"predecessor-version":[{"id":688,"href":"https:\/\/pure-canamo.de\/index.php?rest_route=\/wp\/v2\/pages\/446\/revisions\/688"}],"wp:attachment":[{"href":"https:\/\/pure-canamo.de\/index.php?rest_route=%2Fwp%2Fv2%2Fmedia&parent=446"}],"curies":[{"name":"wp","href":"https:\/\/api.w.org\/{rel}","templated":true}]}}